{"id":2203,"date":"2023-02-21T16:22:49","date_gmt":"2023-02-21T16:22:49","guid":{"rendered":"https:\/\/quadmerzouga.com\/?page_id=2203"},"modified":"2023-02-21T17:03:37","modified_gmt":"2023-02-21T17:03:37","slug":"excursion-de-1-dia-en-quad-por-el-desierto-de-merzouga","status":"publish","type":"page","link":"https:\/\/quadmerzouga.com\/es\/excursion-de-1-dia-en-quad-por-el-desierto-de-merzouga\/","title":{"rendered":"Excursi\u00f3n de 1 d\u00eda en Quad por el desierto de Merzouga"},"content":{"rendered":"<p>Esta excursi\u00f3n de d\u00eda completo le adentrar\u00e1 en la Hamada de Kem Kem (Meseta), hasta el oasis de Tissradmine y el de Azerkam, se dirigir\u00e1 hacia Safsaf, uno de los oasis m\u00e1s bellos del sur de Marruecos, almorzar\u00e1 y, al mismo tiempo, ver\u00e1 c\u00f3mo los n\u00f3madas preparan la comida conocida como Madfouna (cocinada bajo la arena caliente, es un plato tradicional marroqu\u00ed).<\/p>\n<p><img loading=\"lazy\" decoding=\"async\" class=\"aligncenter wp-image-2177 size-full\" src=\"https:\/\/quadmerzouga.com\/wp-content\/uploads\/2023\/02\/df732e39-1af7-471b-a16f-005df6a4fc07.jpeg\" alt=\"\" width=\"1080\" height=\"508\" srcset=\"https:\/\/quadmerzouga.com\/es\/wp-content\/uploads\/2023\/02\/df732e39-1af7-471b-a16f-005df6a4fc07.jpeg 1080w, https:\/\/quadmerzouga.com\/es\/wp-content\/uploads\/2023\/02\/df732e39-1af7-471b-a16f-005df6a4fc07-300x141.jpeg 300w, https:\/\/quadmerzouga.com\/es\/wp-content\/uploads\/2023\/02\/df732e39-1af7-471b-a16f-005df6a4fc07-1024x482.jpeg 1024w, https:\/\/quadmerzouga.com\/es\/wp-content\/uploads\/2023\/02\/df732e39-1af7-471b-a16f-005df6a4fc07-768x361.jpeg 768w\" sizes=\"auto, (max-width: 1080px) 100vw, 1080px\" \/><\/p>\n","protected":false},"excerpt":{"rendered":"<p>Esta excursi\u00f3n de d\u00eda completo le adentrar\u00e1 en la Hamada de Kem Kem (Meseta), hasta el oasis de Tissradmine y el de Azerkam, se dirigir\u00e1 hacia Safsaf, uno de los oasis m\u00e1s bellos del sur de Marruecos, almorzar\u00e1 y, al mismo tiempo, ver\u00e1 c\u00f3mo los n\u00f3madas preparan la comida conocida como Madfouna (cocinada bajo la&#8230;<\/p>\n","protected":false},"author":1,"featured_media":0,"parent":0,"menu_order":0,"comment_status":"closed","ping_status":"closed","template":"","meta":{"ngg_post_thumbnail":0,"_kad_post_transparent":"default","_kad_post_title":"default","_kad_post_layout":"default","_kad_post_sidebar_id":"","_kad_post_content_style":"default","_kad_post_vertical_padding":"default","_kad_post_feature":"","_kad_post_feature_position":"","_kad_post_header":false,"_kad_post_footer":false,"footnotes":""},"class_list":["post-2203","page","type-page","status-publish","hentry"],"_links":{"self":[{"href":"https:\/\/quadmerzouga.com\/es\/wp-json\/wp\/v2\/pages\/2203","targetHints":{"allow":["GET"]}}],"collection":[{"href":"https:\/\/quadmerzouga.com\/es\/wp-json\/wp\/v2\/pages"}],"about":[{"href":"https:\/\/quadmerzouga.com\/es\/wp-json\/wp\/v2\/types\/page"}],"author":[{"embeddable":true,"href":"https:\/\/quadmerzouga.com\/es\/wp-json\/wp\/v2\/users\/1"}],"replies":[{"embeddable":true,"href":"https:\/\/quadmerzouga.com\/es\/wp-json\/wp\/v2\/comments?post=2203"}],"version-history":[{"count":3,"href":"https:\/\/quadmerzouga.com\/es\/wp-json\/wp\/v2\/pages\/2203\/revisions"}],"predecessor-version":[{"id":2291,"href":"https:\/\/quadmerzouga.com\/es\/wp-json\/wp\/v2\/pages\/2203\/revisions\/2291"}],"wp:attachment":[{"href":"https:\/\/quadmerzouga.com\/es\/wp-json\/wp\/v2\/media?parent=2203"}],"curies":[{"name":"wp","href":"https:\/\/api.w.org\/{rel}","templated":true}]}}