{"id":2205,"date":"2023-02-21T16:23:09","date_gmt":"2023-02-21T16:23:09","guid":{"rendered":"https:\/\/quadmerzouga.com\/?page_id=2205"},"modified":"2023-02-21T17:01:33","modified_gmt":"2023-02-21T17:01:33","slug":"excursion-de-medio-dia-en-quad-por-el-desierto-de-merzouga","status":"publish","type":"page","link":"https:\/\/quadmerzouga.com\/es\/excursion-de-medio-dia-en-quad-por-el-desierto-de-merzouga\/","title":{"rendered":"Excursi\u00f3n de medio d\u00eda en quad por el desierto de Merzouga"},"content":{"rendered":"<p>Su viaje le situar\u00e1 al pie de magn\u00edficas dunas de arena de erg, en lo m\u00e1s profundo del desierto m\u00e1s seductor, con sus dunas doradas y sus oasis. Un recorrido muy diverso: palmeras, monta\u00f1as, dunas y bandejas. Sin duda, un viaje para recordar.<\/p>\n<p><img loading=\"lazy\" decoding=\"async\" class=\"aligncenter wp-image-2177 size-full\" src=\"https:\/\/quadmerzouga.com\/wp-content\/uploads\/2023\/02\/df732e39-1af7-471b-a16f-005df6a4fc07.jpeg\" alt=\"\" width=\"1080\" height=\"508\" srcset=\"https:\/\/quadmerzouga.com\/es\/wp-content\/uploads\/2023\/02\/df732e39-1af7-471b-a16f-005df6a4fc07.jpeg 1080w, https:\/\/quadmerzouga.com\/es\/wp-content\/uploads\/2023\/02\/df732e39-1af7-471b-a16f-005df6a4fc07-300x141.jpeg 300w, https:\/\/quadmerzouga.com\/es\/wp-content\/uploads\/2023\/02\/df732e39-1af7-471b-a16f-005df6a4fc07-1024x482.jpeg 1024w, https:\/\/quadmerzouga.com\/es\/wp-content\/uploads\/2023\/02\/df732e39-1af7-471b-a16f-005df6a4fc07-768x361.jpeg 768w\" sizes=\"auto, (max-width: 1080px) 100vw, 1080px\" \/><\/p>\n","protected":false},"excerpt":{"rendered":"<p>Su viaje le situar\u00e1 al pie de magn\u00edficas dunas de arena de erg, en lo m\u00e1s profundo del desierto m\u00e1s seductor, con sus dunas doradas y sus oasis. Un recorrido muy diverso: palmeras, monta\u00f1as, dunas y bandejas. Sin duda, un viaje para recordar.<\/p>\n","protected":false},"author":1,"featured_media":0,"parent":0,"menu_order":0,"comment_status":"closed","ping_status":"closed","template":"","meta":{"ngg_post_thumbnail":0,"_kad_post_transparent":"default","_kad_post_title":"default","_kad_post_layout":"default","_kad_post_sidebar_id":"","_kad_post_content_style":"default","_kad_post_vertical_padding":"default","_kad_post_feature":"","_kad_post_feature_position":"","_kad_post_header":false,"_kad_post_footer":false,"footnotes":""},"class_list":["post-2205","page","type-page","status-publish","hentry"],"_links":{"self":[{"href":"https:\/\/quadmerzouga.com\/es\/wp-json\/wp\/v2\/pages\/2205","targetHints":{"allow":["GET"]}}],"collection":[{"href":"https:\/\/quadmerzouga.com\/es\/wp-json\/wp\/v2\/pages"}],"about":[{"href":"https:\/\/quadmerzouga.com\/es\/wp-json\/wp\/v2\/types\/page"}],"author":[{"embeddable":true,"href":"https:\/\/quadmerzouga.com\/es\/wp-json\/wp\/v2\/users\/1"}],"replies":[{"embeddable":true,"href":"https:\/\/quadmerzouga.com\/es\/wp-json\/wp\/v2\/comments?post=2205"}],"version-history":[{"count":3,"href":"https:\/\/quadmerzouga.com\/es\/wp-json\/wp\/v2\/pages\/2205\/revisions"}],"predecessor-version":[{"id":2285,"href":"https:\/\/quadmerzouga.com\/es\/wp-json\/wp\/v2\/pages\/2205\/revisions\/2285"}],"wp:attachment":[{"href":"https:\/\/quadmerzouga.com\/es\/wp-json\/wp\/v2\/media?parent=2205"}],"curies":[{"name":"wp","href":"https:\/\/api.w.org\/{rel}","templated":true}]}}