{"id":2207,"date":"2023-02-21T16:25:02","date_gmt":"2023-02-21T16:25:02","guid":{"rendered":"https:\/\/quadmerzouga.com\/?page_id=2207"},"modified":"2023-02-21T17:03:01","modified_gmt":"2023-02-21T17:03:01","slug":"excursion-de-2-dias-en-quad-por-el-desierto-de-merzouga","status":"publish","type":"page","link":"https:\/\/quadmerzouga.com\/es\/excursion-de-2-dias-en-quad-por-el-desierto-de-merzouga\/","title":{"rendered":"Excursi\u00f3n de 2 d\u00edas en quad por el desierto de Merzouga"},"content":{"rendered":"<p>Esta excursi\u00f3n de dos d\u00edas es para los amantes del aislamiento y los espacios abiertos. Tras desayunar, viaje al pueblo de Sahara Taouz para contemplar los grabados rupestres de la \u00e9poca romana. A continuaci\u00f3n, det\u00e9ngase en los oasis de Ouzina y Remilia. Por \u00faltimo, viaje a Wadi Ziz por la antigua ruta Par\u00eds-Dakar, atravesando ramblas secas y pistas rocosas para a\u00f1adir un poco m\u00e1s de mineral al paisaje de las hermosas mesetas del desierto. Disfrute de una noche en el desierto con una familia n\u00f3mada en una tienda oscura. Aqu\u00ed experimentar\u00e1 el sencillo modo de vida de los n\u00f3madas y la naturaleza virgen. Regreso a Merzouga por la vertiente occidental del uadi Ziz.<\/p>\n<p><img loading=\"lazy\" decoding=\"async\" class=\"aligncenter wp-image-2177 size-full\" src=\"https:\/\/quadmerzouga.com\/wp-content\/uploads\/2023\/02\/df732e39-1af7-471b-a16f-005df6a4fc07.jpeg\" alt=\"\" width=\"1080\" height=\"508\" srcset=\"https:\/\/quadmerzouga.com\/es\/wp-content\/uploads\/2023\/02\/df732e39-1af7-471b-a16f-005df6a4fc07.jpeg 1080w, https:\/\/quadmerzouga.com\/es\/wp-content\/uploads\/2023\/02\/df732e39-1af7-471b-a16f-005df6a4fc07-300x141.jpeg 300w, https:\/\/quadmerzouga.com\/es\/wp-content\/uploads\/2023\/02\/df732e39-1af7-471b-a16f-005df6a4fc07-1024x482.jpeg 1024w, https:\/\/quadmerzouga.com\/es\/wp-content\/uploads\/2023\/02\/df732e39-1af7-471b-a16f-005df6a4fc07-768x361.jpeg 768w\" sizes=\"auto, (max-width: 1080px) 100vw, 1080px\" \/><\/p>\n","protected":false},"excerpt":{"rendered":"<p>Esta excursi\u00f3n de dos d\u00edas es para los amantes del aislamiento y los espacios abiertos. Tras desayunar, viaje al pueblo de Sahara Taouz para contemplar los grabados rupestres de la \u00e9poca romana. A continuaci\u00f3n, det\u00e9ngase en los oasis de Ouzina y Remilia. Por \u00faltimo, viaje a Wadi Ziz por la antigua ruta Par\u00eds-Dakar, atravesando ramblas&#8230;<\/p>\n","protected":false},"author":1,"featured_media":0,"parent":0,"menu_order":0,"comment_status":"closed","ping_status":"closed","template":"","meta":{"ngg_post_thumbnail":0,"_kad_post_transparent":"default","_kad_post_title":"default","_kad_post_layout":"default","_kad_post_sidebar_id":"","_kad_post_content_style":"default","_kad_post_vertical_padding":"default","_kad_post_feature":"","_kad_post_feature_position":"","_kad_post_header":false,"_kad_post_footer":false,"footnotes":""},"class_list":["post-2207","page","type-page","status-publish","hentry"],"_links":{"self":[{"href":"https:\/\/quadmerzouga.com\/es\/wp-json\/wp\/v2\/pages\/2207","targetHints":{"allow":["GET"]}}],"collection":[{"href":"https:\/\/quadmerzouga.com\/es\/wp-json\/wp\/v2\/pages"}],"about":[{"href":"https:\/\/quadmerzouga.com\/es\/wp-json\/wp\/v2\/types\/page"}],"author":[{"embeddable":true,"href":"https:\/\/quadmerzouga.com\/es\/wp-json\/wp\/v2\/users\/1"}],"replies":[{"embeddable":true,"href":"https:\/\/quadmerzouga.com\/es\/wp-json\/wp\/v2\/comments?post=2207"}],"version-history":[{"count":3,"href":"https:\/\/quadmerzouga.com\/es\/wp-json\/wp\/v2\/pages\/2207\/revisions"}],"predecessor-version":[{"id":2289,"href":"https:\/\/quadmerzouga.com\/es\/wp-json\/wp\/v2\/pages\/2207\/revisions\/2289"}],"wp:attachment":[{"href":"https:\/\/quadmerzouga.com\/es\/wp-json\/wp\/v2\/media?parent=2207"}],"curies":[{"name":"wp","href":"https:\/\/api.w.org\/{rel}","templated":true}]}}