{"id":2209,"date":"2023-02-21T16:25:23","date_gmt":"2023-02-21T16:25:23","guid":{"rendered":"https:\/\/quadmerzouga.com\/?page_id=2209"},"modified":"2023-02-21T17:02:20","modified_gmt":"2023-02-21T17:02:20","slug":"excursion-de-3-dias-en-quad-por-el-desierto-de-merzouga","status":"publish","type":"page","link":"https:\/\/quadmerzouga.com\/es\/excursion-de-3-dias-en-quad-por-el-desierto-de-merzouga\/","title":{"rendered":"Excursi\u00f3n de 3 d\u00edas en quad por el desierto de Merzouga"},"content":{"rendered":"<p>La gran meseta des\u00e9rtica de la Hamada de Kem Kem; se abre al maravilloso mundo de las dunas y los ergs: Las dunas de Erg chebbi hasta el erg Znigui y el erg Ouzina. En un viaje de tres d\u00edas a lo largo de la frontera sur, el desierto adquiere toda su dimensi\u00f3n, de un erg a otro, en direcci\u00f3n al oasis de Azerkam y al oasis de saf saf. La excursi\u00f3n de tres d\u00edas se realiza en un lugar remoto. La magia del desierto se comprende entonces por completo aqu\u00ed, bajo las estrellas, en la inmensa quietud sahariana.<\/p>\n<p><strong><img loading=\"lazy\" decoding=\"async\" class=\"aligncenter wp-image-2177 size-full\" src=\"https:\/\/quadmerzouga.com\/wp-content\/uploads\/2023\/02\/df732e39-1af7-471b-a16f-005df6a4fc07.jpeg\" alt=\"\" width=\"1080\" height=\"508\" srcset=\"https:\/\/quadmerzouga.com\/es\/wp-content\/uploads\/2023\/02\/df732e39-1af7-471b-a16f-005df6a4fc07.jpeg 1080w, https:\/\/quadmerzouga.com\/es\/wp-content\/uploads\/2023\/02\/df732e39-1af7-471b-a16f-005df6a4fc07-300x141.jpeg 300w, https:\/\/quadmerzouga.com\/es\/wp-content\/uploads\/2023\/02\/df732e39-1af7-471b-a16f-005df6a4fc07-1024x482.jpeg 1024w, https:\/\/quadmerzouga.com\/es\/wp-content\/uploads\/2023\/02\/df732e39-1af7-471b-a16f-005df6a4fc07-768x361.jpeg 768w\" sizes=\"auto, (max-width: 1080px) 100vw, 1080px\" \/><\/strong><\/p>\n","protected":false},"excerpt":{"rendered":"<p>La gran meseta des\u00e9rtica de la Hamada de Kem Kem; se abre al maravilloso mundo de las dunas y los ergs: Las dunas de Erg chebbi hasta el erg Znigui y el erg Ouzina. En un viaje de tres d\u00edas a lo largo de la frontera sur, el desierto adquiere toda su dimensi\u00f3n, de un&#8230;<\/p>\n","protected":false},"author":1,"featured_media":0,"parent":0,"menu_order":0,"comment_status":"closed","ping_status":"closed","template":"","meta":{"ngg_post_thumbnail":0,"_kad_post_transparent":"default","_kad_post_title":"default","_kad_post_layout":"default","_kad_post_sidebar_id":"","_kad_post_content_style":"default","_kad_post_vertical_padding":"default","_kad_post_feature":"","_kad_post_feature_position":"","_kad_post_header":false,"_kad_post_footer":false,"footnotes":""},"class_list":["post-2209","page","type-page","status-publish","hentry"],"_links":{"self":[{"href":"https:\/\/quadmerzouga.com\/es\/wp-json\/wp\/v2\/pages\/2209","targetHints":{"allow":["GET"]}}],"collection":[{"href":"https:\/\/quadmerzouga.com\/es\/wp-json\/wp\/v2\/pages"}],"about":[{"href":"https:\/\/quadmerzouga.com\/es\/wp-json\/wp\/v2\/types\/page"}],"author":[{"embeddable":true,"href":"https:\/\/quadmerzouga.com\/es\/wp-json\/wp\/v2\/users\/1"}],"replies":[{"embeddable":true,"href":"https:\/\/quadmerzouga.com\/es\/wp-json\/wp\/v2\/comments?post=2209"}],"version-history":[{"count":3,"href":"https:\/\/quadmerzouga.com\/es\/wp-json\/wp\/v2\/pages\/2209\/revisions"}],"predecessor-version":[{"id":2287,"href":"https:\/\/quadmerzouga.com\/es\/wp-json\/wp\/v2\/pages\/2209\/revisions\/2287"}],"wp:attachment":[{"href":"https:\/\/quadmerzouga.com\/es\/wp-json\/wp\/v2\/media?parent=2209"}],"curies":[{"name":"wp","href":"https:\/\/api.w.org\/{rel}","templated":true}]}}