{"id":2223,"date":"2023-02-21T16:29:12","date_gmt":"2023-02-21T16:29:12","guid":{"rendered":"https:\/\/quadmerzouga.com\/?page_id=2223"},"modified":"2023-02-21T17:01:52","modified_gmt":"2023-02-21T17:01:52","slug":"erg-chebbi","status":"publish","type":"page","link":"https:\/\/quadmerzouga.com\/es\/erg-chebbi\/","title":{"rendered":"Erg Chebbi"},"content":{"rendered":"<p>Erg Chebbi se encuentra en el S\u00e1hara marroqu\u00ed. Las dunas son uno de los mejores destinos de Marruecos en el desierto del Sahara. La particularidad de Erg Chebbi es su hermosa arena de color naranja.<\/p>\n<p>Las dunas de Erg Chebbi tienen forma de alubia y cubren un \u00e1rea de 30 km de largo y unos 5-10 km de ancho. Se trata de una regi\u00f3n de bereberes n\u00f3madas, a diferencia del desierto de Zagora y Mhamid, donde los habitantes son \u00e1rabes beduinos. Alrededor de las dunas de Erg Chebbi existen algunos pueblos: Merzouga, Hassilabied, Tanamoust, Takoujt, Khamlia y Tisserdmine.<\/p>\n","protected":false},"excerpt":{"rendered":"<p>Erg Chebbi se encuentra en el S\u00e1hara marroqu\u00ed. Las dunas son uno de los mejores destinos de Marruecos en el desierto del Sahara. La particularidad de Erg Chebbi es su hermosa arena de color naranja. Las dunas de Erg Chebbi tienen forma de alubia y cubren un \u00e1rea de 30 km de largo y unos&#8230;<\/p>\n","protected":false},"author":1,"featured_media":0,"parent":0,"menu_order":0,"comment_status":"closed","ping_status":"closed","template":"","meta":{"ngg_post_thumbnail":0,"_kad_post_transparent":"default","_kad_post_title":"default","_kad_post_layout":"default","_kad_post_sidebar_id":"","_kad_post_content_style":"default","_kad_post_vertical_padding":"default","_kad_post_feature":"","_kad_post_feature_position":"","_kad_post_header":false,"_kad_post_footer":false,"footnotes":""},"class_list":["post-2223","page","type-page","status-publish","hentry"],"_links":{"self":[{"href":"https:\/\/quadmerzouga.com\/es\/wp-json\/wp\/v2\/pages\/2223","targetHints":{"allow":["GET"]}}],"collection":[{"href":"https:\/\/quadmerzouga.com\/es\/wp-json\/wp\/v2\/pages"}],"about":[{"href":"https:\/\/quadmerzouga.com\/es\/wp-json\/wp\/v2\/types\/page"}],"author":[{"embeddable":true,"href":"https:\/\/quadmerzouga.com\/es\/wp-json\/wp\/v2\/users\/1"}],"replies":[{"embeddable":true,"href":"https:\/\/quadmerzouga.com\/es\/wp-json\/wp\/v2\/comments?post=2223"}],"version-history":[{"count":2,"href":"https:\/\/quadmerzouga.com\/es\/wp-json\/wp\/v2\/pages\/2223\/revisions"}],"predecessor-version":[{"id":2286,"href":"https:\/\/quadmerzouga.com\/es\/wp-json\/wp\/v2\/pages\/2223\/revisions\/2286"}],"wp:attachment":[{"href":"https:\/\/quadmerzouga.com\/es\/wp-json\/wp\/v2\/media?parent=2223"}],"curies":[{"name":"wp","href":"https:\/\/api.w.org\/{rel}","templated":true}]}}